{"id":55,"date":"2018-04-14T13:36:07","date_gmt":"2018-04-14T11:36:07","guid":{"rendered":"https:\/\/spolekjiznisudan.cz\/?page_id=55"},"modified":"2024-01-17T18:03:13","modified_gmt":"2024-01-17T17:03:13","slug":"kontakt","status":"publish","type":"page","link":"https:\/\/spolekjiznisudan.cz\/en\/kontakt\/","title":{"rendered":"Contact"},"content":{"rendered":"<div id=\"pl-55\"  class=\"panel-layout\" ><div id=\"pg-55-0\"  class=\"panel-grid panel-no-style\" ><div id=\"pgc-55-0-0\"  class=\"panel-grid-cell\" ><div id=\"panel-55-0-0-0\" class=\"so-panel widget widget_black-studio-tinymce widget_black_studio_tinymce panel-first-child panel-last-child\" data-index=\"0\" ><div class=\"textwidget\"><h2 style=\"color: #000000; text-align: center;\"><strong>Contact<\/strong><\/h2>\n<p style=\"text-align: center;\"><div class=\"divider\" style=\"margin-top:-10px; margin-bottom:-10px; border-top:2px solid #000000;width:35%\"\/><\/div><\/p>\n<h4 style=\"text-align: center;\">ASSOCIATION\u2019S LEADERSHIP:<\/h4>\n<\/div><\/div><\/div><\/div><div id=\"pg-55-1\"  class=\"panel-grid panel-no-style\" ><div id=\"pgc-55-1-0\"  class=\"panel-grid-cell\" ><div id=\"panel-55-1-0-0\" class=\"so-panel widget widget_sow-image panel-first-child\" data-index=\"1\" ><div\n\t\t\t\n\t\t\tclass=\"so-widget-sow-image so-widget-sow-image-default-c67d20f9f743-55\"\n\t\t\t\n\t\t>\n<div class=\"sow-image-container\">\n\t\t<img \n\tsrc=\"https:\/\/spolekjiznisudan.cz\/wp-content\/uploads\/2018\/04\/Ros\u0165a.S-150x150.png\" width=\"150\" height=\"150\" srcset=\"https:\/\/spolekjiznisudan.cz\/wp-content\/uploads\/2018\/04\/Ros\u0165a.S-150x150.png 150w, https:\/\/spolekjiznisudan.cz\/wp-content\/uploads\/2018\/04\/Ros\u0165a.S-300x300.png 300w, https:\/\/spolekjiznisudan.cz\/wp-content\/uploads\/2018\/04\/Ros\u0165a.S-12x12.png 12w, https:\/\/spolekjiznisudan.cz\/wp-content\/uploads\/2018\/04\/Ros\u0165a.S-380x380.png 380w, https:\/\/spolekjiznisudan.cz\/wp-content\/uploads\/2018\/04\/Ros\u0165a.S-445x445.png 445w, https:\/\/spolekjiznisudan.cz\/wp-content\/uploads\/2018\/04\/Ros\u0165a.S.png 500w\" sizes=\"(max-width: 150px) 100vw, 150px\" alt=\"Rostislav Sta\u0148ek\" \t\tclass=\"so-widget-image\"\/>\n\t<\/div>\n\n<\/div><\/div><div id=\"panel-55-1-0-1\" class=\"so-panel widget widget_black-studio-tinymce widget_black_studio_tinymce panel-last-child\" data-index=\"2\" ><div class=\"textwidget\"><h4 style=\"text-align: center;\"><strong>ASSOCIATION PRESIDENT<\/strong><\/h4>\n<p style=\"text-align: center;\" class=\"translation-block\">Ing. <strong>Rostislav Stan\u011bk<\/strong> M.A.,<br>\npreacher (CB \u010cesk\u00e1 T\u0159ebov\u00e1)<\/p>\n<p style=\"text-align: center;\"><i class=\"fa fa-envelope\" style=\"font-size: 22px;\"><\/i> rostislav.stanek@spolekjiznisudan.cz<\/i><\/p>\n<\/div><\/div><\/div><div id=\"pgc-55-1-1\"  class=\"panel-grid-cell\" ><div id=\"panel-55-1-1-0\" class=\"so-panel widget widget_sow-image panel-first-child\" data-index=\"3\" ><div\n\t\t\t\n\t\t\tclass=\"so-widget-sow-image so-widget-sow-image-default-c67d20f9f743-55\"\n\t\t\t\n\t\t>\n<div class=\"sow-image-container\">\n\t\t<img \n\tsrc=\"https:\/\/spolekjiznisudan.cz\/wp-content\/uploads\/2018\/04\/Vita.S-150x150.png\" width=\"150\" height=\"150\" srcset=\"https:\/\/spolekjiznisudan.cz\/wp-content\/uploads\/2018\/04\/Vita.S-150x150.png 150w, https:\/\/spolekjiznisudan.cz\/wp-content\/uploads\/2018\/04\/Vita.S-300x300.png 300w, https:\/\/spolekjiznisudan.cz\/wp-content\/uploads\/2018\/04\/Vita.S-12x12.png 12w, https:\/\/spolekjiznisudan.cz\/wp-content\/uploads\/2018\/04\/Vita.S-380x380.png 380w, https:\/\/spolekjiznisudan.cz\/wp-content\/uploads\/2018\/04\/Vita.S-445x445.png 445w, https:\/\/spolekjiznisudan.cz\/wp-content\/uploads\/2018\/04\/Vita.S.png 500w\" sizes=\"(max-width: 150px) 100vw, 150px\" alt=\"V\u00edt \u0160majstrla\" \t\tclass=\"so-widget-image\"\/>\n\t<\/div>\n\n<\/div><\/div><div id=\"panel-55-1-1-1\" class=\"so-panel widget widget_black-studio-tinymce widget_black_studio_tinymce panel-last-child\" data-index=\"4\" ><div class=\"textwidget\"><h4 style=\"text-align: center;\"><strong>ASSOCIATION VICE-PRESIDENT<\/strong><\/h4>\n<p style=\"text-align: center;\" class=\"translation-block\">MUDr. <b>V\u00edt \u0160majstrla<\/b>,<br>\ndoctor (KS Ostrava)<\/p>\n<p style=\"text-align: center;\"><i class=\"fa fa-envelope\" style=\"font-size:22px\"><\/i> vit.smajstrla@spolekjiznisudan.cz<\/p>\n<\/div><\/div><\/div><div id=\"pgc-55-1-2\"  class=\"panel-grid-cell\" ><div id=\"panel-55-1-2-0\" class=\"so-panel widget widget_sow-image panel-first-child\" data-index=\"5\" ><div\n\t\t\t\n\t\t\tclass=\"so-widget-sow-image so-widget-sow-image-default-c67d20f9f743-55\"\n\t\t\t\n\t\t>\n<div class=\"sow-image-container\">\n\t\t<img \n\tsrc=\"https:\/\/spolekjiznisudan.cz\/wp-content\/uploads\/2024\/01\/COPYWRITER-150x150.jpg\" width=\"150\" height=\"150\" srcset=\"https:\/\/spolekjiznisudan.cz\/wp-content\/uploads\/2024\/01\/COPYWRITER-150x150.jpg 150w, https:\/\/spolekjiznisudan.cz\/wp-content\/uploads\/2024\/01\/COPYWRITER-12x12.jpg 12w, https:\/\/spolekjiznisudan.cz\/wp-content\/uploads\/2024\/01\/COPYWRITER.jpg 201w\" sizes=\"(max-width: 150px) 100vw, 150px\" alt=\"V\u00edt \u0160majstrla\" \t\tclass=\"so-widget-image\"\/>\n\t<\/div>\n\n<\/div><\/div><div id=\"panel-55-1-2-1\" class=\"so-panel widget widget_black-studio-tinymce widget_black_studio_tinymce panel-last-child\" data-index=\"6\" ><div class=\"textwidget\"><h4 style=\"text-align: center;\"><strong>ASSOCIATION SECRETARY<\/strong><\/h4>\n<p style=\"text-align: center;\"><strong>David Floryk<\/strong>,<br \/>\n(KS Ostrava)<\/p>\n<p style=\"text-align: center;\"><i class=\"fa fa-envelope\" style=\"font-size: 22px;\"><\/i>\u00a0david.floryk@spolekjiznisudan.cz<\/p>\n<\/div><\/div><\/div><\/div><div id=\"pg-55-2\"  class=\"panel-grid panel-no-style\" ><div id=\"pgc-55-2-0\"  class=\"panel-grid-cell panel-grid-cell-empty panel-grid-cell-mobile-last\" ><\/div><div id=\"pgc-55-2-1\"  class=\"panel-grid-cell panel-grid-cell-empty\" ><\/div><\/div><div id=\"pg-55-3\"  class=\"panel-grid panel-no-style\" ><div id=\"pgc-55-3-0\"  class=\"panel-grid-cell panel-grid-cell-empty panel-grid-cell-mobile-last\" ><\/div><div id=\"pgc-55-3-1\"  class=\"panel-grid-cell panel-grid-cell-empty\" ><\/div><\/div><div id=\"pg-55-4\"  class=\"panel-grid panel-no-style\" ><div id=\"pgc-55-4-0\"  class=\"panel-grid-cell\" ><div id=\"panel-55-4-0-0\" class=\"so-panel widget widget_black-studio-tinymce widget_black_studio_tinymce panel-first-child panel-last-child\" data-index=\"7\" ><div class=\"textwidget\"><p style=\"text-align: center;\"><span class=\"su-lightbox\" data-mfp-src=\"https:\/\/spolekjiznisudan.cz\/napis-nam\/\" data-mfp-type=\"iframe\" data-mobile=\"yes\"><a href=\"#contactform\" class=\"su-button su-button-style-3d\" style=\"color:#FFFFFF;background-color:#ffa200;border-color:#cc8200;border-radius:14px\" target=\"_self\"><span style=\"color:#FFFFFF;padding:10px 34px;font-size:25px;line-height:38px;border-color:#ffbe4d;border-radius:14px;text-shadow:none\"><i class=\"sui sui-envelope\" style=\"font-size:25px;color:#FFFFFF\"><\/i> Leave us a message<\/span><\/a><\/span><\/p>\n<\/div><\/div><\/div><\/div><\/div>","protected":false},"excerpt":{"rendered":"<p>Kontakt Veden\u00ed spolku: P\u0159edseda spolku Ing. Rostislav Stan\u011bk M.A., kazatel (CB \u010cesk\u00e1 T\u0159ebov\u00e1) rostislav.stanek@spolekjiznisudan.cz M\u00edsto\u0159edseda spolku MUDr. V\u00edt \u0160majstrla, l\u00e9ka\u0159 (KS Ostrava) vit.smajstrla@spolekjiznisudan.cz Sekret\u00e1\u0159 spolku David Floryk, (KS Ostrava) \u00a0david.floryk@spolekjiznisudan.cz<\/p>","protected":false},"author":2,"featured_media":0,"parent":0,"menu_order":7,"comment_status":"closed","ping_status":"closed","template":"","meta":{"_exactmetrics_skip_tracking":false,"_exactmetrics_sitenote_active":false,"_exactmetrics_sitenote_note":"","_exactmetrics_sitenote_category":0,"footnotes":""},"class_list":["post-55","page","type-page","status-publish","hentry"],"yoast_head":"<!-- This site is optimized with the Yoast SEO plugin v27.5 - https:\/\/yoast.com\/product\/yoast-seo-wordpress\/ -->\n<title>Kontakt - Spolek pro Ji\u017en\u00ed S\u00fad\u00e1n<\/title>\n<meta name=\"robots\" content=\"index, follow, max-snippet:-1, max-image-preview:large, max-video-preview:-1\" \/>\n<link rel=\"canonical\" href=\"https:\/\/spolekjiznisudan.cz\/en\/kontakt\/\" \/>\n<meta property=\"og:locale\" content=\"en_GB\" \/>\n<meta property=\"og:type\" content=\"article\" \/>\n<meta property=\"og:title\" content=\"Kontakt - Spolek pro Ji\u017en\u00ed S\u00fad\u00e1n\" \/>\n<meta property=\"og:description\" content=\"Kontakt Veden\u00ed spolku: P\u0159edseda spolku Ing. Rostislav Stan\u011bk M.A., kazatel (CB \u010cesk\u00e1 T\u0159ebov\u00e1) rostislav.stanek@spolekjiznisudan.cz M\u00edsto\u0159edseda spolku MUDr. V\u00edt \u0160majstrla, l\u00e9ka\u0159 (KS Ostrava) vit.smajstrla@spolekjiznisudan.cz Sekret\u00e1\u0159 spolku David Floryk, (KS Ostrava) \u00a0david.floryk@spolekjiznisudan.cz\" \/>\n<meta property=\"og:url\" content=\"https:\/\/spolekjiznisudan.cz\/en\/kontakt\/\" \/>\n<meta property=\"og:site_name\" content=\"Spolek pro Ji\u017en\u00ed S\u00fad\u00e1n\" \/>\n<meta property=\"article:modified_time\" content=\"2024-01-17T17:03:13+00:00\" \/>\n<meta name=\"twitter:card\" content=\"summary_large_image\" \/>\n<meta name=\"twitter:label1\" content=\"Estimated reading time\" \/>\n\t<meta name=\"twitter:data1\" content=\"1 minute\" \/>\n<script type=\"application\/ld+json\" class=\"yoast-schema-graph\">{\"@context\":\"https:\\\/\\\/schema.org\",\"@graph\":[{\"@type\":\"WebPage\",\"@id\":\"https:\\\/\\\/spolekjiznisudan.cz\\\/kontakt\\\/\",\"url\":\"https:\\\/\\\/spolekjiznisudan.cz\\\/kontakt\\\/\",\"name\":\"Kontakt - Spolek pro Ji\u017en\u00ed S\u00fad\u00e1n\",\"isPartOf\":{\"@id\":\"https:\\\/\\\/spolekjiznisudan.cz\\\/#website\"},\"datePublished\":\"2018-04-14T11:36:07+00:00\",\"dateModified\":\"2024-01-17T17:03:13+00:00\",\"breadcrumb\":{\"@id\":\"https:\\\/\\\/spolekjiznisudan.cz\\\/kontakt\\\/#breadcrumb\"},\"inLanguage\":\"en-GB\",\"potentialAction\":[{\"@type\":\"ReadAction\",\"target\":[\"https:\\\/\\\/spolekjiznisudan.cz\\\/kontakt\\\/\"]}]},{\"@type\":\"BreadcrumbList\",\"@id\":\"https:\\\/\\\/spolekjiznisudan.cz\\\/kontakt\\\/#breadcrumb\",\"itemListElement\":[{\"@type\":\"ListItem\",\"position\":1,\"name\":\"Home\",\"item\":\"https:\\\/\\\/spolekjiznisudan.cz\\\/\"},{\"@type\":\"ListItem\",\"position\":2,\"name\":\"Kontakt\"}]},{\"@type\":\"WebSite\",\"@id\":\"https:\\\/\\\/spolekjiznisudan.cz\\\/#website\",\"url\":\"https:\\\/\\\/spolekjiznisudan.cz\\\/\",\"name\":\"Spolek pro Ji\u017en\u00ed S\u00fad\u00e1n\",\"description\":\"\",\"potentialAction\":[{\"@type\":\"SearchAction\",\"target\":{\"@type\":\"EntryPoint\",\"urlTemplate\":\"https:\\\/\\\/spolekjiznisudan.cz\\\/?s={search_term_string}\"},\"query-input\":{\"@type\":\"PropertyValueSpecification\",\"valueRequired\":true,\"valueName\":\"search_term_string\"}}],\"inLanguage\":\"en-GB\"}]}<\/script>\n<!-- \/ Yoast SEO plugin. -->","yoast_head_json":{"title":"Kontakt - Spolek pro Ji\u017en\u00ed S\u00fad\u00e1n","robots":{"index":"index","follow":"follow","max-snippet":"max-snippet:-1","max-image-preview":"max-image-preview:large","max-video-preview":"max-video-preview:-1"},"canonical":"https:\/\/spolekjiznisudan.cz\/en\/kontakt\/","og_locale":"en_GB","og_type":"article","og_title":"Kontakt - Spolek pro Ji\u017en\u00ed S\u00fad\u00e1n","og_description":"Kontakt Veden\u00ed spolku: P\u0159edseda spolku Ing. Rostislav Stan\u011bk M.A., kazatel (CB \u010cesk\u00e1 T\u0159ebov\u00e1) rostislav.stanek@spolekjiznisudan.cz M\u00edsto\u0159edseda spolku MUDr. V\u00edt \u0160majstrla, l\u00e9ka\u0159 (KS Ostrava) vit.smajstrla@spolekjiznisudan.cz Sekret\u00e1\u0159 spolku David Floryk, (KS Ostrava) \u00a0david.floryk@spolekjiznisudan.cz","og_url":"https:\/\/spolekjiznisudan.cz\/en\/kontakt\/","og_site_name":"Spolek pro Ji\u017en\u00ed S\u00fad\u00e1n","article_modified_time":"2024-01-17T17:03:13+00:00","twitter_card":"summary_large_image","twitter_misc":{"Estimated reading time":"1 minute"},"schema":{"@context":"https:\/\/schema.org","@graph":[{"@type":"WebPage","@id":"https:\/\/spolekjiznisudan.cz\/kontakt\/","url":"https:\/\/spolekjiznisudan.cz\/kontakt\/","name":"Kontakt - Spolek pro Ji\u017en\u00ed S\u00fad\u00e1n","isPartOf":{"@id":"https:\/\/spolekjiznisudan.cz\/#website"},"datePublished":"2018-04-14T11:36:07+00:00","dateModified":"2024-01-17T17:03:13+00:00","breadcrumb":{"@id":"https:\/\/spolekjiznisudan.cz\/kontakt\/#breadcrumb"},"inLanguage":"en-GB","potentialAction":[{"@type":"ReadAction","target":["https:\/\/spolekjiznisudan.cz\/kontakt\/"]}]},{"@type":"BreadcrumbList","@id":"https:\/\/spolekjiznisudan.cz\/kontakt\/#breadcrumb","itemListElement":[{"@type":"ListItem","position":1,"name":"Home","item":"https:\/\/spolekjiznisudan.cz\/"},{"@type":"ListItem","position":2,"name":"Kontakt"}]},{"@type":"WebSite","@id":"https:\/\/spolekjiznisudan.cz\/#website","url":"https:\/\/spolekjiznisudan.cz\/","name":"ASSOCIATION FOR SOUTH SUDAN","description":"","potentialAction":[{"@type":"SearchAction","target":{"@type":"EntryPoint","urlTemplate":"https:\/\/spolekjiznisudan.cz\/?s={search_term_string}"},"query-input":{"@type":"PropertyValueSpecification","valueRequired":true,"valueName":"search_term_string"}}],"inLanguage":"en-GB"}]}},"_links":{"self":[{"href":"https:\/\/spolekjiznisudan.cz\/en\/wp-json\/wp\/v2\/pages\/55","targetHints":{"allow":["GET"]}}],"collection":[{"href":"https:\/\/spolekjiznisudan.cz\/en\/wp-json\/wp\/v2\/pages"}],"about":[{"href":"https:\/\/spolekjiznisudan.cz\/en\/wp-json\/wp\/v2\/types\/page"}],"author":[{"embeddable":true,"href":"https:\/\/spolekjiznisudan.cz\/en\/wp-json\/wp\/v2\/users\/2"}],"replies":[{"embeddable":true,"href":"https:\/\/spolekjiznisudan.cz\/en\/wp-json\/wp\/v2\/comments?post=55"}],"version-history":[{"count":20,"href":"https:\/\/spolekjiznisudan.cz\/en\/wp-json\/wp\/v2\/pages\/55\/revisions"}],"predecessor-version":[{"id":1063489,"href":"https:\/\/spolekjiznisudan.cz\/en\/wp-json\/wp\/v2\/pages\/55\/revisions\/1063489"}],"wp:attachment":[{"href":"https:\/\/spolekjiznisudan.cz\/en\/wp-json\/wp\/v2\/media?parent=55"}],"curies":[{"name":"wp","href":"https:\/\/api.w.org\/{rel}","templated":true}]}}